{"id":1687,"date":"2018-06-06T18:43:43","date_gmt":"2018-06-06T18:43:43","guid":{"rendered":"http:\/\/noriegalegal.com\/en\/?page_id=1687"},"modified":"2018-06-14T16:21:22","modified_gmt":"2018-06-14T16:21:22","slug":"corporate","status":"publish","type":"page","link":"https:\/\/noriegalegal.com\/en\/practice-areas\/corporate\/","title":{"rendered":"Corporate"},"content":{"rendered":"<div class=\"wpb-content-wrapper\">[vc_row full_width=&#8221;stretch_row&#8221; css=&#8221;.vc_custom_1485264647052{margin-top: -40px !important;padding-top: 10px !important;padding-bottom: 43px !important;}&#8221;][vc_column width=&#8221;1\/2&#8243; css=&#8221;.vc_custom_1484815733222{margin-top: 40px !important;margin-bottom: 55px !important;}&#8221;][gt3_custom_text text_color=&#8221;#3f4953&#8243; font_size=&#8221;36&#8243; line_height=&#8221;100&#8243;]\n<h2><span style=\"font-weight: 300; color: #0a253e;\" class=\"gt3_font-weight\">Business agility.<\/span><\/h2>\n[\/gt3_custom_text][vc_empty_space height=&#8221;25px&#8221;][vc_column_text]\n<p style=\"text-align: justify;\">We have a long track record for assisting and representing our clients in business matters that involve corporate transactions among individual and corporate entities, both domestic and foreign. Likewise, we have vast experience in the organizing, incorporation and operation of all types of corporate entities, including those with partnerships with foreign individuals or legal entities that wish to invest their capital in attractive investment prospects in our country, primarily in the tourism, real estate and business sectors. Our services include consulting and legal representation in acquisitions, sales, mergers, termination as well as transformation of partnerships, sale and acquisition of shares, partnerships or assets agreements, agreements between shareholders and other documents that may be needed for the implementation of such transactions; the control and taking of Shareholder Assembly Meeting minutes and board meetings, corporate ledgers and the issuance of temporary and definitive share certificates, among others.<\/p>\n[\/vc_column_text][\/vc_column][vc_column width=&#8221;1\/2&#8243; css=&#8221;.vc_custom_1484815726909{margin-top: 40px !important;margin-bottom: 55px !important;}&#8221;][vc_single_image image=&#8221;1820&#8243; img_size=&#8221;full&#8221; alignment=&#8221;center&#8221;][\/vc_column][\/vc_row][vc_row full_width=&#8221;stretch_row&#8221; content_placement=&#8221;bottom&#8221; css=&#8221;.vc_custom_1528407476322{padding-top: 59px !important;padding-bottom: 40px !important;background-image: url(http:\/\/noriegalegal.com\/en\/wp-content\/uploads\/2018\/06\/slider-03.jpg?id=1772) !important;background-position: center !important;background-repeat: no-repeat !important;background-size: cover !important;}&#8221;][vc_column css_animation=&#8221;fadeInLeft&#8221; width=&#8221;2\/3&#8243; css=&#8221;.vc_custom_1485417490405{padding-top: 40px !important;padding-bottom: 45px !important;}&#8221; offset=&#8221;vc_col-lg-offset-0 vc_col-lg-7 vc_col-md-offset-0 vc_col-md-6 vc_col-sm-offset-0&#8243;][vc_empty_space height=&#8221;20px&#8221;][gt3_custom_text text_color=&#8221;#ffffff&#8221; font_size=&#8221;36&#8243; line_height=&#8221;120&#8243; use_theme_fonts=&#8221;&#8221; google_fonts_text=&#8221;font_family:Roboto%3A100%2C100italic%2C300%2C300italic%2Cregular%2Citalic%2C500%2C500italic%2C700%2C700italic%2C900%2C900italic|font_style:100%20light%20regular%3A100%3Anormal&#8221;]\n<h2 style=\"text-align: left;\"><span style=\"font-weight: 300; color: #54606d;\" class=\"gt3_font-weight\"><strong>2 Generations.<\/strong> 50 Years of experience.<\/span><\/h2>\n[\/gt3_custom_text][vc_empty_space height=&#8221;20px&#8221;][gt3_custom_text text_color=&#8221;#ffffff&#8221; font_size=&#8221;18&#8243; line_height=&#8221;160&#8243;]\n<p style=\"text-align: left;\"><span style=\"color: #0c1116;\">We are a law firm that offers its services with proven experience and quality, with the objective of providing both our domestic and international clients with the best personalized and professional legal services of the highest level, while strictly abiding by our values and principles that are so important to us, such as professional ethics, honesty, responsibility and confidentiality regarding all aspects of our work.<\/span><\/p>\n[\/gt3_custom_text][vc_empty_space height=&#8221;40px&#8221;][gt3_button button_title=&#8221;CONTACT US&#8221; button_alignment=&#8221;left&#8221; btn_border_radius=&#8221;3px&#8221; use_theme_button=&#8221;&#8221; btn_bg_color=&#8221;#54606d&#8221; btn_text_color=&#8221;#ffffff&#8221; btn_bg_color_hover=&#8221;rgba(255,255,255,0.01)&#8221; btn_text_color_hover=&#8221;#0c1116&#8243; btn_icon_color=&#8221;#c24747&#8243; btn_icon_color_hover=&#8221;#ffffff&#8221; btn_border_color=&#8221;#ffffff&#8221; btn_border_color_hover=&#8221;#ffffff&#8221; css=&#8221;.vc_custom_1528388657357{padding-top: 19px !important;padding-right: 30px !important;padding-bottom: 20px !important;padding-left: 30px !important;}&#8221; link=&#8221;url:http%3A%2F%2Fnoriegalegal.com%2Fen%2Fcontact%2F|||&#8221;][\/vc_column][vc_column width=&#8221;1\/3&#8243; offset=&#8221;vc_col-lg-offset-1 vc_col-lg-4 vc_col-md-offset-0 vc_col-md-6 vc_col-sm-offset-0&#8243; css=&#8221;.vc_custom_1485417548980{margin-bottom: -100px !important;}&#8221;][vc_single_image image=&#8221;1481&#8243; img_size=&#8221;full&#8221; alignment=&#8221;center&#8221; css_animation=&#8221;fadeInUp&#8221;][\/vc_column][\/vc_row][vc_row full_width=&#8221;stretch_row&#8221; css=&#8221;.vc_custom_1527278104610{padding-top: 40px !important;background-color: #ececec !important;}&#8221;][vc_column][gt3_custom_text text_color=&#8221;#ffffff&#8221; font_size=&#8221;36&#8243; line_height=&#8221;120&#8243; use_theme_fonts=&#8221;&#8221; google_fonts_text=&#8221;font_family:Roboto%3A100%2C100italic%2C300%2C300italic%2Cregular%2Citalic%2C500%2C500italic%2C700%2C700italic%2C900%2C900italic|font_style:100%20light%20regular%3A100%3Anormal&#8221;]\n<h2 style=\"text-align: center;\"><span style=\"font-weight: 300; color: #54606d;\" class=\"gt3_font-weight\"><strong>Alliances.<\/strong> Additional Services.<\/span><\/h2>\n[\/gt3_custom_text][\/vc_column][\/vc_row][vc_row full_width=&#8221;stretch_row&#8221; css=&#8221;.vc_custom_1527277259808{padding-top: 40px !important;padding-bottom: 75px !important;background-color: #ececec !important;}&#8221; el_class=&#8221;custom_iconbox_border&#8221;][vc_column css_animation=&#8221;fadeInLeft&#8221; width=&#8221;1\/3&#8243; css=&#8221;.vc_custom_1484817685906{margin-top: 0px !important;margin-bottom: 0px !important;padding-top: 25px !important;padding-right: 30px !important;padding-bottom: 40px !important;padding-left: 30px !important;}&#8221;][gt3_icon_box icon_type=&#8221;image&#8221; thumbnail=&#8221;1783&#8243; icon_position=&#8221;top&#8221; css_animation=&#8221;none&#8221; icon_size=&#8221;regular&#8221; title_tag=&#8221;h2&#8243; title_color=&#8221;&#8221; text_color=&#8221;&#8221; link_color=&#8221;#c24747&#8243; link_hover_color=&#8221;#27323d&#8221; new_tab=&#8221;&#8221; icon_circle=&#8221;&#8221; heading=&#8221;Notary Public.&#8221; text=&#8221;We have a close working relationship with Attorney Jes\u00fas Agust\u00edn Noriega Galindo, Notary Public No. 130, in Mazatl\u00e1n, Sinaloa. Besides being our advisor, he supports this Firm and our clients in all notarial services.&#8221; url=&#8221;http:\/\/noriegalegal.com\/en\/alliances\/&#8221;][\/vc_column][vc_column css_animation=&#8221;fadeInUp&#8221; width=&#8221;1\/3&#8243; css=&#8221;.vc_custom_1484817705308{margin-top: 0px !important;margin-bottom: 0px !important;padding-top: 25px !important;padding-right: 30px !important;padding-bottom: 40px !important;padding-left: 30px !important;}&#8221;][gt3_icon_box icon_type=&#8221;image&#8221; thumbnail=&#8221;1782&#8243; icon_position=&#8221;top&#8221; css_animation=&#8221;none&#8221; icon_size=&#8221;regular&#8221; title_tag=&#8221;h2&#8243; title_color=&#8221;&#8221; text_color=&#8221;&#8221; link_color=&#8221;#c24747&#8243; link_hover_color=&#8221;#27323d&#8221; new_tab=&#8221;&#8221; icon_circle=&#8221;&#8221; heading=&#8221;Labor law.&#8221; text=&#8221;Our close working relationship with attorneys that are specialized in Labor Law allows us to provide all types of services to tend to our clients\u2019 needs in relation to worker-employer relations that arise in their businesses.&#8221; url=&#8221;http:\/\/noriegalegal.com\/en\/alliances\/#labor&#8221;][\/vc_column][vc_column css_animation=&#8221;fadeInRight&#8221; width=&#8221;1\/3&#8243; css=&#8221;.vc_custom_1484817720643{margin-top: 0px !important;margin-bottom: 0px !important;padding-top: 25px !important;padding-right: 30px !important;padding-bottom: 40px !important;padding-left: 30px !important;}&#8221;][gt3_icon_box icon_type=&#8221;image&#8221; thumbnail=&#8221;1781&#8243; icon_position=&#8221;top&#8221; css_animation=&#8221;none&#8221; icon_size=&#8221;regular&#8221; title_tag=&#8221;h2&#8243; title_color=&#8221;&#8221; text_color=&#8221;&#8221; link_color=&#8221;#c24747&#8243; link_hover_color=&#8221;#27323d&#8221; new_tab=&#8221;&#8221; icon_circle=&#8221;&#8221; heading=&#8221;Criminal law.&#8221; text=&#8221;In criminal matters, our Firm only takes action when the matters that we are carrying-out in our different areas of practice lead to these actions, focusing primarily on crimes related to the ownership of assets.&#8221; url=&#8221;http:\/\/noriegalegal.com\/en\/alliances\/#criminal&#8221;][\/vc_column][\/vc_row]\n<\/div>","protected":false},"excerpt":{"rendered":"<p>[vc_row full_width=&#8221;stretch_row&#8221; css=&#8221;.vc_custom_1485264647052{margin-top: -40px !important;padding-top: 10px !important;padding-bottom: 43px !important;}&#8221;][vc_column width=&#8221;1\/2&#8243; css=&#8221;.vc_custom_1484815733222{margin-top: 40px !important;margin-bottom: 55px !important;}&#8221;][gt3_custom_text text_color=&#8221;#3f4953&#8243; font_size=&#8221;36&#8243; line_height=&#8221;100&#8243;] Business agility. [\/gt3_custom_text][vc_empty_space height=&#8221;25px&#8221;][vc_column_text] We have a long track record for assisting and representing our clients in business matters that involve corporate transactions among individual and corporate entities, both domestic and foreign. Likewise, we have vast experience [&hellip;]<\/p>\n","protected":false},"author":1,"featured_media":0,"parent":1665,"menu_order":0,"comment_status":"closed","ping_status":"closed","template":"","meta":{"om_disable_all_campaigns":false,"_monsterinsights_skip_tracking":false,"_monsterinsights_sitenote_active":false,"_monsterinsights_sitenote_note":"","_monsterinsights_sitenote_category":0,"footnotes":""},"class_list":["post-1687","page","type-page","status-publish","hentry"],"jetpack_sharing_enabled":true,"_links":{"self":[{"href":"https:\/\/noriegalegal.com\/en\/wp-json\/wp\/v2\/pages\/1687","targetHints":{"allow":["GET"]}}],"collection":[{"href":"https:\/\/noriegalegal.com\/en\/wp-json\/wp\/v2\/pages"}],"about":[{"href":"https:\/\/noriegalegal.com\/en\/wp-json\/wp\/v2\/types\/page"}],"author":[{"embeddable":true,"href":"https:\/\/noriegalegal.com\/en\/wp-json\/wp\/v2\/users\/1"}],"replies":[{"embeddable":true,"href":"https:\/\/noriegalegal.com\/en\/wp-json\/wp\/v2\/comments?post=1687"}],"version-history":[{"count":4,"href":"https:\/\/noriegalegal.com\/en\/wp-json\/wp\/v2\/pages\/1687\/revisions"}],"predecessor-version":[{"id":1839,"href":"https:\/\/noriegalegal.com\/en\/wp-json\/wp\/v2\/pages\/1687\/revisions\/1839"}],"up":[{"embeddable":true,"href":"https:\/\/noriegalegal.com\/en\/wp-json\/wp\/v2\/pages\/1665"}],"wp:attachment":[{"href":"https:\/\/noriegalegal.com\/en\/wp-json\/wp\/v2\/media?parent=1687"}],"curies":[{"name":"wp","href":"https:\/\/api.w.org\/{rel}","templated":true}]}}